{"id":8979,"date":"2025-09-10T08:48:53","date_gmt":"2025-09-10T06:48:53","guid":{"rendered":"https:\/\/romslo-entertainment.com\/politica-de-privacidad\/"},"modified":"2025-09-11T10:57:31","modified_gmt":"2025-09-11T08:57:31","slug":"politica-de-privacidad","status":"publish","type":"page","link":"https:\/\/romslo-entertainment.com\/es\/politica-de-privacidad\/","title":{"rendered":"Pol\u00edtica de privacidad"},"content":{"rendered":"\t\t<div data-elementor-type=\"wp-page\" data-elementor-id=\"8979\" class=\"elementor elementor-8979 elementor-8792\" data-elementor-post-type=\"page\">\n\t\t\t\t<div class=\"elementor-element elementor-element-df2ebe2 e-flex e-con-boxed e-con e-parent\" data-id=\"df2ebe2\" data-element_type=\"container\" data-e-type=\"container\">\n\t\t\t\t\t<div class=\"e-con-inner\">\n\t\t<div class=\"elementor-element elementor-element-dd8e703 e-con-full e-flex e-con e-child\" data-id=\"dd8e703\" data-element_type=\"container\" data-e-type=\"container\">\n\t\t\t\t<div class=\"elementor-element elementor-element-ef142e4 elementor-widget elementor-widget-heading\" data-id=\"ef142e4\" data-element_type=\"widget\" data-e-type=\"widget\" data-settings=\"{&quot;_animation_mobile&quot;:&quot;none&quot;}\" data-widget_type=\"heading.default\">\n\t\t\t\t<div class=\"elementor-widget-container\">\n\t\t\t\t\t<h1 class=\"elementor-heading-title elementor-size-default\">Pol\u00edtica de privacidad<\/h1>\t\t\t\t<\/div>\n\t\t\t\t<\/div>\n\t\t\t\t<div class=\"elementor-element elementor-element-0c18822 elementor-widget elementor-widget-text-editor\" data-id=\"0c18822\" data-element_type=\"widget\" data-e-type=\"widget\" data-widget_type=\"text-editor.default\">\n\t\t\t\t<div class=\"elementor-widget-container\">\n\t\t\t\t\t\t\t\t\t<p><strong>La pol\u00edtica de privacidad proporciona informaci\u00f3n sobre c\u00f3mo Romslo Entertainment AS (n\u00famero de organizaci\u00f3n 934 816 145) recopila y utiliza datos e informaci\u00f3n personal. En esta declaraci\u00f3n, explicamos qu\u00e9 datos personales procesamos, c\u00f3mo los procesamos y qu\u00e9 finalidad tiene el procesamiento. La declaraci\u00f3n contiene informaci\u00f3n a la que tienes derecho cuando se recopila informaci\u00f3n de nuestro sitio web.    <\/strong>(Publicado el 10.09.2025)<\/p><p><b>Uso de cookies<br><\/b>Romslo Entertainment AS utiliza cookies para comprender c\u00f3mo se utiliza el sitio web y ofrecer as\u00ed a nuestros visitantes la mejor experiencia de usuario posible. Al utilizar nuestro sitio web, aceptas que se utilicen dichas cookies. <\/p><p><b>Qu\u00e9 son las cookies<br><\/b>Las cookies son algo que la mayor\u00eda de los sitios web utilizan hoy en d\u00eda. Una cookie es un peque\u00f1o fragmento de c\u00f3digo\/archivo de texto que se coloca en tu navegador cuando visitas nuestras p\u00e1ginas. Nos permite ver qu\u00e9 p\u00e1ginas se visitan, qu\u00e9 botones se pulsan y c\u00f3mo se navega por el sitio. Tambi\u00e9n recopilamos informaci\u00f3n sobre, por ejemplo, el navegador que utilizas, la navegaci\u00f3n y la hora de la visita. Hacemos esto para adaptar el contenido del sitio web a ti como usuario lo mejor posible. La mayor\u00eda de los navegadores (Internet Explorer, Google Chrome, Firefox, Safari, etc.) est\u00e1n configurados para aceptar cookies autom\u00e1ticamente, pero puedes elegir cambiar la configuraci\u00f3n para que no se acepten cookies. Ten en cuenta que esto puede significar que muchos sitios web dejen de funcionar correctamente.       <\/p><p><b>Para qu\u00e9 utiliza Romslo Entertainment AS las cookies:<br><\/b><\/p><p><b>Google Tag Manager<br><\/b>Google Tag Manager gestiona las etiquetas de seguimiento y se refiere a las configuraciones de seguimiento y el seguimiento a soluciones de terceros como Universal Analytics (Google Analytics) y se utiliza para la optimizaci\u00f3n de sitios web y servicios de marketing. Todas las etiquetas de seguimiento se ejecutan y gestionan a trav\u00e9s de Google Tag Manager. <\/p><p><b>Google Analytics<br><\/b>Esta herramienta de an\u00e1lisis se utiliza para estudiar el tr\u00e1fico, los patrones de uso y las tendencias en nuestros sitios web. Los datos recogidos se utilizan para optimizar la experiencia del usuario y adaptar el contenido del sitio web. De acuerdo con las directrices de Google para el uso de Google Analytics, no se recopila ninguna informaci\u00f3n personal sobre ti como usuario. Los datos recogidos se almacenan en los servidores de Google. Almacenamos datos como los movimientos en el sitio web y determinadas acciones (por ejemplo, si utilizas un formulario). Toda la informaci\u00f3n est\u00e1 sujeta a la pol\u00edtica de privacidad de Google.     <\/p><p><b>Meta p\u00edxel<br><\/b>El meta p\u00edxel se utiliza para controlar y medir el efecto de la publicidad en las redes sociales. Mediante el seguimiento de las acciones que el usuario realiza en el sitio web, podemos mejorar las campa\u00f1as publicitarias, crear audiencias inteligentes e impulsar el remarketing (el meta p\u00edxel se utiliza para Facebook, Instagram, Messenger, Instant Articles y Audience Network, por lo que el uso del meta p\u00edxel tambi\u00e9n abarca estos canales).  <\/p><p>Las herramientas anal\u00edticas de estos medios nos dan acceso a estad\u00edsticas que nos indican, entre otras cosas, qu\u00e9 p\u00e1ginas se han visitado como resultado de una campa\u00f1a publicitaria y qu\u00e9 acciones se han realizado (reserva\/formulario de contacto). <\/p><p><b>V\u00eddeos incrustados de YouTube<br><\/b>El sitio web puede contener v\u00eddeos incrustados de nuestro canal de YouTube. Cuando reproduces un v\u00eddeo de este tipo, Google (YouTube) puede recopilar informaci\u00f3n sobre ti, como tu direcci\u00f3n IP e informaci\u00f3n sobre el dispositivo que est\u00e1s utilizando. YouTube tambi\u00e9n puede almacenar cookies o utilizar tecnolog\u00edas similares. Te recomendamos que leas la <a href=\"https:\/\/policies.google.com\/privacy\">pol\u00edtica de privacidad<\/a> de Google para obtener m\u00e1s informaci\u00f3n sobre c\u00f3mo procesan los datos.   <\/p><p><b>Hotjar<\/b><br>Mapea la interacci\u00f3n que el usuario tiene con el sitio web. Para ayudarnos a comprender c\u00f3mo interact\u00faan los visitantes con el sitio web, Hotjar registra las sesiones de los visitantes. El script de Hotjar es una conexi\u00f3n de websocket que env\u00eda la siguiente informaci\u00f3n a los servidores de Hotjar:<br>\u200d<br>&#8211; Cambios de HTML que se producen durante la sesi\u00f3n del usuario en el sitio web<br>&#8211; Movimientos del rat\u00f3n<br>&#8211; Clics del rat\u00f3n<br>&#8211; Movimientos de desplazamiento<br>&#8211; Pulsaciones de teclas para acciones de la lista blanca<br>&#8211; Estad\u00edsticas sobre si cambia el tama\u00f1o de la pantalla del navegador  <\/p><p>Cada evento rastreado se almacena en la base de datos en la nube de Hotjar mediante una marca de tiempo que se utiliza posteriormente para reproducir los eventos en orden secuencial. El script de Hotjar rastrea a los visitantes a medida que visitan diferentes p\u00e1ginas utilizando una cookie de origen, lo que permite reproducir toda la sesi\u00f3n en una \u00fanica grabaci\u00f3n. No se recupera ni almacena ninguna informaci\u00f3n sensible o de usuario.  <\/p><p><b>Recopilaci\u00f3n de informaci\u00f3n de contacto<br><\/b>Nuestros datos sobre los clientes de Romslo Entertainment AS (informaci\u00f3n de contacto) se almacenan en nuestro sistema CMS (WordPress), pero no se env\u00eda ninguna informaci\u00f3n sin el consentimiento activo. Proporcionar esta informaci\u00f3n es voluntario. Si decides no facilitar tus datos personales, es posible que no podamos darte acceso al producto o servicio.  <\/p><p><b>Ejemplos de formularios:<br><\/b>\u00a7 Formulario de contacto<br>\u00a7 Al suscribirse para recibir boletines o blogs por correo electr\u00f3nico.<br>\u00a7 Al descargar documentos como libros electr\u00f3nicos u otros.<br>\u00a7 Para enviar informaci\u00f3n relevante al usuario.<br>\u00a7 Para dar acceso al usuario a nuestros productos y servicios.<br>\u00a7 Para poder establecer contacto para ofrecer productos o servicios con fines de venta.<\/p><p><b>Finalidad de la informaci\u00f3n recopilada<br><\/b>Si nos has dado tu consentimiento para enviar boletines informativos, etc., tu informaci\u00f3n se almacenar\u00e1 hasta que nos pidas activamente que eliminemos tus datos. El tratamiento de los datos personales se basa en el consentimiento, y puedes retirar tu consentimiento en cualquier momento. <\/p><p>Los datos de contacto que hayamos almacenado para hacer un seguimiento de clientes potenciales seguir\u00e1n nuestras directrices para la eliminaci\u00f3n peri\u00f3dica de dichos datos.<\/p><p>Tienes derecho a acceder a tus datos personales y a c\u00f3mo se procesan. Tambi\u00e9n tienes derecho a que se corrijan, supriman o restrinjan el tratamiento de los datos personales de acuerdo con la Ley de Datos Personales. <\/p><p>Puedes ponerte en contacto con nosotros en <a href=\"mailto:romslo@romslo-entertainment.com\">romslo@romslo-entertainment.com<\/a> para acceder a la informaci\u00f3n, modificarla o eliminarla.<\/p><p><b>C\u00f3mo eliminar las cookies<\/b><\/p>\t\t\t\t\t\t\t\t<\/div>\n\t\t\t\t<\/div>\n\t\t\t\t<div class=\"elementor-element elementor-element-2239065 elementor-widget elementor-widget-html\" data-id=\"2239065\" data-element_type=\"widget\" data-e-type=\"widget\" data-widget_type=\"html.default\">\n\t\t\t\t<div class=\"elementor-widget-container\">\n\t\t\t\t\t<script\n  id=\"CookieDeclaration\"\n  src=\"https:\/\/consent.cookiebot.com\/d5b1e5c5-2a38-4f85-9154-812784385072\/cd.js\"\n  type=\"text\/javascript\"\n><\/script>\t\t\t\t<\/div>\n\t\t\t\t<\/div>\n\t\t\t\t<\/div>\n\t\t\t\t\t<\/div>\n\t\t\t\t<\/div>\n\t\t\t\t<\/div>\n\t\t","protected":false},"excerpt":{"rendered":"<p>Pol\u00edtica de privacidad La pol\u00edtica de privacidad proporciona informaci\u00f3n sobre c\u00f3mo Romslo Entertainment AS (n\u00famero de organizaci\u00f3n 934 816 145) recopila y utiliza datos e informaci\u00f3n personal. En esta declaraci\u00f3n, explicamos qu\u00e9 datos personales procesamos, c\u00f3mo los procesamos y qu\u00e9 finalidad tiene el procesamiento. La declaraci\u00f3n contiene informaci\u00f3n a la que tienes derecho cuando se [&hellip;]<\/p>\n","protected":false},"author":9,"featured_media":0,"parent":0,"menu_order":0,"comment_status":"closed","ping_status":"closed","template":"","meta":{"inline_featured_image":false,"footnotes":""},"class_list":["post-8979","page","type-page","status-publish","hentry"],"yoast_head":"<!-- This site is optimized with the Yoast SEO plugin v27.4 - https:\/\/yoast.com\/product\/yoast-seo-wordpress\/ -->\n<title>Pol\u00edtica de privacidad | Romslo Entertainment<\/title>\n<meta name=\"description\" content=\"La pol\u00edtica de privacidad informa sobre c\u00f3mo Romslo Entertainment AS recopila y utiliza los datos y la informaci\u00f3n personal.\" \/>\n<meta name=\"robots\" content=\"index, follow, max-snippet:-1, max-image-preview:large, max-video-preview:-1\" \/>\n<link rel=\"canonical\" href=\"https:\/\/romslo-entertainment.com\/es\/politica-de-privacidad\/\" \/>\n<meta property=\"og:locale\" content=\"es_ES\" \/>\n<meta property=\"og:type\" content=\"article\" \/>\n<meta property=\"og:title\" content=\"Pol\u00edtica de privacidad | Romslo Entertainment\" \/>\n<meta property=\"og:description\" content=\"La pol\u00edtica de privacidad informa sobre c\u00f3mo Romslo Entertainment AS recopila y utiliza los datos y la informaci\u00f3n personal.\" \/>\n<meta property=\"og:url\" content=\"https:\/\/romslo-entertainment.com\/es\/politica-de-privacidad\/\" \/>\n<meta property=\"og:site_name\" content=\"Romslo Entertainment\" \/>\n<meta property=\"article:publisher\" content=\"https:\/\/www.facebook.com\/romslo.entertainment\" \/>\n<meta property=\"article:modified_time\" content=\"2025-09-11T08:57:31+00:00\" \/>\n<meta property=\"og:image\" content=\"https:\/\/romslo-entertainment.com\/wp-content\/uploads\/2025\/02\/DSC7329-scaled.webp\" \/>\n\t<meta property=\"og:image:width\" content=\"2560\" \/>\n\t<meta property=\"og:image:height\" content=\"1707\" \/>\n\t<meta property=\"og:image:type\" content=\"image\/webp\" \/>\n<meta name=\"twitter:card\" content=\"summary_large_image\" \/>\n<meta name=\"twitter:label1\" content=\"Tiempo de lectura\" \/>\n\t<meta name=\"twitter:data1\" content=\"5 minutos\" \/>\n<script type=\"application\/ld+json\" class=\"yoast-schema-graph\">{\"@context\":\"https:\\\/\\\/schema.org\",\"@graph\":[{\"@type\":\"WebPage\",\"@id\":\"https:\\\/\\\/romslo-entertainment.com\\\/es\\\/politica-de-privacidad\\\/\",\"url\":\"https:\\\/\\\/romslo-entertainment.com\\\/es\\\/politica-de-privacidad\\\/\",\"name\":\"Pol\u00edtica de privacidad | Romslo Entertainment\",\"isPartOf\":{\"@id\":\"https:\\\/\\\/romslo-entertainment.com\\\/#website\"},\"datePublished\":\"2025-09-10T06:48:53+00:00\",\"dateModified\":\"2025-09-11T08:57:31+00:00\",\"description\":\"La pol\u00edtica de privacidad informa sobre c\u00f3mo Romslo Entertainment AS recopila y utiliza los datos y la informaci\u00f3n personal.\",\"breadcrumb\":{\"@id\":\"https:\\\/\\\/romslo-entertainment.com\\\/es\\\/politica-de-privacidad\\\/#breadcrumb\"},\"inLanguage\":\"es\",\"potentialAction\":[{\"@type\":\"ReadAction\",\"target\":[\"https:\\\/\\\/romslo-entertainment.com\\\/es\\\/politica-de-privacidad\\\/\"]}]},{\"@type\":\"BreadcrumbList\",\"@id\":\"https:\\\/\\\/romslo-entertainment.com\\\/es\\\/politica-de-privacidad\\\/#breadcrumb\",\"itemListElement\":[{\"@type\":\"ListItem\",\"position\":1,\"name\":\"Home\",\"item\":\"https:\\\/\\\/romslo-entertainment.com\\\/es\\\/\"},{\"@type\":\"ListItem\",\"position\":2,\"name\":\"Pol\u00edtica de privacidad\"}]},{\"@type\":\"WebSite\",\"@id\":\"https:\\\/\\\/romslo-entertainment.com\\\/#website\",\"url\":\"https:\\\/\\\/romslo-entertainment.com\\\/\",\"name\":\"Romslo Entertainment\",\"description\":\"Leverer ekstraordin\u00e6r underholdning\",\"publisher\":{\"@id\":\"https:\\\/\\\/romslo-entertainment.com\\\/#organization\"},\"potentialAction\":[{\"@type\":\"SearchAction\",\"target\":{\"@type\":\"EntryPoint\",\"urlTemplate\":\"https:\\\/\\\/romslo-entertainment.com\\\/?s={search_term_string}\"},\"query-input\":{\"@type\":\"PropertyValueSpecification\",\"valueRequired\":true,\"valueName\":\"search_term_string\"}}],\"inLanguage\":\"es\"},{\"@type\":\"Organization\",\"@id\":\"https:\\\/\\\/romslo-entertainment.com\\\/#organization\",\"name\":\"Romslo Entertainment AS\",\"url\":\"https:\\\/\\\/romslo-entertainment.com\\\/\",\"logo\":{\"@type\":\"ImageObject\",\"inLanguage\":\"es\",\"@id\":\"https:\\\/\\\/romslo-entertainment.com\\\/#\\\/schema\\\/logo\\\/image\\\/\",\"url\":\"https:\\\/\\\/romslo-entertainment.com\\\/wp-content\\\/uploads\\\/2025\\\/02\\\/favicon.jpg\",\"contentUrl\":\"https:\\\/\\\/romslo-entertainment.com\\\/wp-content\\\/uploads\\\/2025\\\/02\\\/favicon.jpg\",\"width\":512,\"height\":512,\"caption\":\"Romslo Entertainment AS\"},\"image\":{\"@id\":\"https:\\\/\\\/romslo-entertainment.com\\\/#\\\/schema\\\/logo\\\/image\\\/\"},\"sameAs\":[\"https:\\\/\\\/www.facebook.com\\\/romslo.entertainment\",\"https:\\\/\\\/www.instagram.com\\\/romslo.entertainment\"]}]}<\/script>\n<!-- \/ Yoast SEO plugin. -->","yoast_head_json":{"title":"Pol\u00edtica de privacidad | Romslo Entertainment","description":"La pol\u00edtica de privacidad informa sobre c\u00f3mo Romslo Entertainment AS recopila y utiliza los datos y la informaci\u00f3n personal.","robots":{"index":"index","follow":"follow","max-snippet":"max-snippet:-1","max-image-preview":"max-image-preview:large","max-video-preview":"max-video-preview:-1"},"canonical":"https:\/\/romslo-entertainment.com\/es\/politica-de-privacidad\/","og_locale":"es_ES","og_type":"article","og_title":"Pol\u00edtica de privacidad | Romslo Entertainment","og_description":"La pol\u00edtica de privacidad informa sobre c\u00f3mo Romslo Entertainment AS recopila y utiliza los datos y la informaci\u00f3n personal.","og_url":"https:\/\/romslo-entertainment.com\/es\/politica-de-privacidad\/","og_site_name":"Romslo Entertainment","article_publisher":"https:\/\/www.facebook.com\/romslo.entertainment","article_modified_time":"2025-09-11T08:57:31+00:00","og_image":[{"width":2560,"height":1707,"url":"https:\/\/romslo-entertainment.com\/wp-content\/uploads\/2025\/02\/DSC7329-scaled.webp","type":"image\/webp"}],"twitter_card":"summary_large_image","twitter_misc":{"Tiempo de lectura":"5 minutos"},"schema":{"@context":"https:\/\/schema.org","@graph":[{"@type":"WebPage","@id":"https:\/\/romslo-entertainment.com\/es\/politica-de-privacidad\/","url":"https:\/\/romslo-entertainment.com\/es\/politica-de-privacidad\/","name":"Pol\u00edtica de privacidad | Romslo Entertainment","isPartOf":{"@id":"https:\/\/romslo-entertainment.com\/#website"},"datePublished":"2025-09-10T06:48:53+00:00","dateModified":"2025-09-11T08:57:31+00:00","description":"La pol\u00edtica de privacidad informa sobre c\u00f3mo Romslo Entertainment AS recopila y utiliza los datos y la informaci\u00f3n personal.","breadcrumb":{"@id":"https:\/\/romslo-entertainment.com\/es\/politica-de-privacidad\/#breadcrumb"},"inLanguage":"es","potentialAction":[{"@type":"ReadAction","target":["https:\/\/romslo-entertainment.com\/es\/politica-de-privacidad\/"]}]},{"@type":"BreadcrumbList","@id":"https:\/\/romslo-entertainment.com\/es\/politica-de-privacidad\/#breadcrumb","itemListElement":[{"@type":"ListItem","position":1,"name":"Home","item":"https:\/\/romslo-entertainment.com\/es\/"},{"@type":"ListItem","position":2,"name":"Pol\u00edtica de privacidad"}]},{"@type":"WebSite","@id":"https:\/\/romslo-entertainment.com\/#website","url":"https:\/\/romslo-entertainment.com\/","name":"Romslo Entertainment","description":"Leverer ekstraordin\u00e6r underholdning","publisher":{"@id":"https:\/\/romslo-entertainment.com\/#organization"},"potentialAction":[{"@type":"SearchAction","target":{"@type":"EntryPoint","urlTemplate":"https:\/\/romslo-entertainment.com\/?s={search_term_string}"},"query-input":{"@type":"PropertyValueSpecification","valueRequired":true,"valueName":"search_term_string"}}],"inLanguage":"es"},{"@type":"Organization","@id":"https:\/\/romslo-entertainment.com\/#organization","name":"Romslo Entertainment AS","url":"https:\/\/romslo-entertainment.com\/","logo":{"@type":"ImageObject","inLanguage":"es","@id":"https:\/\/romslo-entertainment.com\/#\/schema\/logo\/image\/","url":"https:\/\/romslo-entertainment.com\/wp-content\/uploads\/2025\/02\/favicon.jpg","contentUrl":"https:\/\/romslo-entertainment.com\/wp-content\/uploads\/2025\/02\/favicon.jpg","width":512,"height":512,"caption":"Romslo Entertainment AS"},"image":{"@id":"https:\/\/romslo-entertainment.com\/#\/schema\/logo\/image\/"},"sameAs":["https:\/\/www.facebook.com\/romslo.entertainment","https:\/\/www.instagram.com\/romslo.entertainment"]}]}},"_links":{"self":[{"href":"https:\/\/romslo-entertainment.com\/es\/wp-json\/wp\/v2\/pages\/8979","targetHints":{"allow":["GET"]}}],"collection":[{"href":"https:\/\/romslo-entertainment.com\/es\/wp-json\/wp\/v2\/pages"}],"about":[{"href":"https:\/\/romslo-entertainment.com\/es\/wp-json\/wp\/v2\/types\/page"}],"author":[{"embeddable":true,"href":"https:\/\/romslo-entertainment.com\/es\/wp-json\/wp\/v2\/users\/9"}],"replies":[{"embeddable":true,"href":"https:\/\/romslo-entertainment.com\/es\/wp-json\/wp\/v2\/comments?post=8979"}],"version-history":[{"count":1,"href":"https:\/\/romslo-entertainment.com\/es\/wp-json\/wp\/v2\/pages\/8979\/revisions"}],"predecessor-version":[{"id":8980,"href":"https:\/\/romslo-entertainment.com\/es\/wp-json\/wp\/v2\/pages\/8979\/revisions\/8980"}],"wp:attachment":[{"href":"https:\/\/romslo-entertainment.com\/es\/wp-json\/wp\/v2\/media?parent=8979"}],"curies":[{"name":"wp","href":"https:\/\/api.w.org\/{rel}","templated":true}]}}