{"id":392,"date":"2025-01-27T21:09:45","date_gmt":"2025-01-27T21:09:45","guid":{"rendered":"https:\/\/romslo-entertainment.com\/?page_id=392"},"modified":"2025-09-05T09:03:42","modified_gmt":"2025-09-05T07:03:42","slug":"tjenester","status":"publish","type":"page","link":"https:\/\/romslo-entertainment.com\/no\/tjenester\/","title":{"rendered":"Tjenester"},"content":{"rendered":"\t\t<div data-elementor-type=\"wp-page\" data-elementor-id=\"392\" class=\"elementor elementor-392\" data-elementor-post-type=\"page\">\n\t\t\t\t<div class=\"elementor-element elementor-element-6484506 e-flex e-con-boxed e-con e-parent\" data-id=\"6484506\" data-element_type=\"container\" data-e-type=\"container\" data-settings=\"{&quot;background_background&quot;:&quot;classic&quot;}\">\n\t\t\t\t\t<div class=\"e-con-inner\">\n\t\t\t\t<div class=\"elementor-element elementor-element-da40ccd elementor-widget__width-initial elementor-widget elementor-widget-heading\" data-id=\"da40ccd\" data-element_type=\"widget\" data-e-type=\"widget\" data-widget_type=\"heading.default\">\n\t\t\t\t<div class=\"elementor-widget-container\">\n\t\t\t\t\t<h1 class=\"elementor-heading-title elementor-size-default\">\u00a0Live forestilling for ethvert arrangement\u00a0<\/h1>\t\t\t\t<\/div>\n\t\t\t\t<\/div>\n\t\t\t\t\t<\/div>\n\t\t\t\t<\/div>\n\t\t<div class=\"elementor-element elementor-element-50ec9cd e-flex e-con-boxed e-con e-parent\" data-id=\"50ec9cd\" data-element_type=\"container\" data-e-type=\"container\">\n\t\t\t\t\t<div class=\"e-con-inner\">\n\t\t\t\t<div class=\"elementor-element elementor-element-d60843a elementor-widget elementor-widget-heading\" data-id=\"d60843a\" data-element_type=\"widget\" data-e-type=\"widget\" data-settings=\"{&quot;_animation_mobile&quot;:&quot;none&quot;}\" data-widget_type=\"heading.default\">\n\t\t\t\t<div class=\"elementor-widget-container\">\n\t\t\t\t\t<h2 class=\"elementor-heading-title elementor-size-default\">Skreddersydd Musikk<\/h2>\t\t\t\t<\/div>\n\t\t\t\t<\/div>\n\t\t\t\t\t<\/div>\n\t\t\t\t<\/div>\n\t\t<div class=\"elementor-element elementor-element-bae5542 e-flex e-con-boxed e-con e-parent\" data-id=\"bae5542\" data-element_type=\"container\" data-e-type=\"container\">\n\t\t\t\t\t<div class=\"e-con-inner\">\n\t\t<div class=\"elementor-element elementor-element-01a8331 e-con-full e-flex e-con e-child\" data-id=\"01a8331\" data-element_type=\"container\" data-e-type=\"container\">\n\t\t<a class=\"elementor-element elementor-element-7d46600 e-con-full e-flex e-con e-child\" data-id=\"7d46600\" data-element_type=\"container\" data-e-type=\"container\" data-settings=\"{&quot;background_background&quot;:&quot;classic&quot;}\" href=\"https:\/\/romslo-entertainment.com\/bedriftsarrangementer\/\">\n\t\t\t\t<div class=\"elementor-element elementor-element-7b79d38 elementor-widget-divider--view-line elementor-widget elementor-widget-divider\" data-id=\"7b79d38\" data-element_type=\"widget\" data-e-type=\"widget\" data-widget_type=\"divider.default\">\n\t\t\t\t<div class=\"elementor-widget-container\">\n\t\t\t\t\t\t\t<div class=\"elementor-divider\">\n\t\t\t<span class=\"elementor-divider-separator\">\n\t\t\t\t\t\t<\/span>\n\t\t<\/div>\n\t\t\t\t\t\t<\/div>\n\t\t\t\t<\/div>\n\t\t\t\t<div class=\"elementor-element elementor-element-30d831c elementor-widget elementor-widget-heading\" data-id=\"30d831c\" data-element_type=\"widget\" data-e-type=\"widget\" data-widget_type=\"heading.default\">\n\t\t\t\t<div class=\"elementor-widget-container\">\n\t\t\t\t\t<h3 class=\"elementor-heading-title elementor-size-default\">Bedriftsarrangementer<\/h3>\t\t\t\t<\/div>\n\t\t\t\t<\/div>\n\t\t\t\t<div class=\"elementor-element elementor-element-c6de17a elementor-widget elementor-widget-text-editor\" data-id=\"c6de17a\" data-element_type=\"widget\" data-e-type=\"widget\" data-widget_type=\"text-editor.default\">\n\t\t\t\t<div class=\"elementor-widget-container\">\n\t\t\t\t\t\t\t\t\t<p>Fra produktlanseringer til konferanser, vi skaper minneverdige opplevelser som gir gjenklang med deres merkevare.<\/p>\t\t\t\t\t\t\t\t<\/div>\n\t\t\t\t<\/div>\n\t\t\t\t<\/a>\n\t\t\t\t<\/div>\n\t\t<div class=\"elementor-element elementor-element-e611f4b e-con-full e-flex e-con e-child\" data-id=\"e611f4b\" data-element_type=\"container\" data-e-type=\"container\">\n\t\t<a class=\"elementor-element elementor-element-c096d12 e-con-full e-flex e-con e-child\" data-id=\"c096d12\" data-element_type=\"container\" data-e-type=\"container\" data-settings=\"{&quot;background_background&quot;:&quot;classic&quot;}\" href=\"https:\/\/romslo-entertainment.com\/ekstraordinaer-underholdning-til-bryllup\/\">\n\t\t\t\t<div class=\"elementor-element elementor-element-d0edfd3 elementor-widget-divider--view-line elementor-widget elementor-widget-divider\" data-id=\"d0edfd3\" data-element_type=\"widget\" data-e-type=\"widget\" data-widget_type=\"divider.default\">\n\t\t\t\t<div class=\"elementor-widget-container\">\n\t\t\t\t\t\t\t<div class=\"elementor-divider\">\n\t\t\t<span class=\"elementor-divider-separator\">\n\t\t\t\t\t\t<\/span>\n\t\t<\/div>\n\t\t\t\t\t\t<\/div>\n\t\t\t\t<\/div>\n\t\t\t\t<div class=\"elementor-element elementor-element-1ae553a elementor-widget elementor-widget-heading\" data-id=\"1ae553a\" data-element_type=\"widget\" data-e-type=\"widget\" data-widget_type=\"heading.default\">\n\t\t\t\t<div class=\"elementor-widget-container\">\n\t\t\t\t\t<h3 class=\"elementor-heading-title elementor-size-default\">Bryllup<\/h3>\t\t\t\t<\/div>\n\t\t\t\t<\/div>\n\t\t\t\t<div class=\"elementor-element elementor-element-c36915d elementor-widget elementor-widget-text-editor\" data-id=\"c36915d\" data-element_type=\"widget\" data-e-type=\"widget\" data-widget_type=\"text-editor.default\">\n\t\t\t\t<div class=\"elementor-widget-container\">\n\t\t\t\t\t\t\t\t\t<p>Gj\u00f8r dr\u00f8mmebryllupet til virkelighet med v\u00e5re f\u00f8rsteklasses underholdningstjenester, som gj\u00f8r den store dagen din virkelig magisk.<\/p>\t\t\t\t\t\t\t\t<\/div>\n\t\t\t\t<\/div>\n\t\t\t\t<\/a>\n\t\t\t\t<\/div>\n\t\t<div class=\"elementor-element elementor-element-c8e8a45 e-con-full e-flex e-con e-child\" data-id=\"c8e8a45\" data-element_type=\"container\" data-e-type=\"container\">\n\t\t<a class=\"elementor-element elementor-element-e3ae2af e-con-full e-flex e-con e-child\" data-id=\"e3ae2af\" data-element_type=\"container\" data-e-type=\"container\" data-settings=\"{&quot;background_background&quot;:&quot;classic&quot;}\" href=\"https:\/\/romslo-entertainment.com\/private-arrangementer\/\">\n\t\t\t\t<div class=\"elementor-element elementor-element-ee06f47 elementor-widget-divider--view-line elementor-widget elementor-widget-divider\" data-id=\"ee06f47\" data-element_type=\"widget\" data-e-type=\"widget\" data-widget_type=\"divider.default\">\n\t\t\t\t<div class=\"elementor-widget-container\">\n\t\t\t\t\t\t\t<div class=\"elementor-divider\">\n\t\t\t<span class=\"elementor-divider-separator\">\n\t\t\t\t\t\t<\/span>\n\t\t<\/div>\n\t\t\t\t\t\t<\/div>\n\t\t\t\t<\/div>\n\t\t\t\t<div class=\"elementor-element elementor-element-d09393b elementor-widget elementor-widget-heading\" data-id=\"d09393b\" data-element_type=\"widget\" data-e-type=\"widget\" data-widget_type=\"heading.default\">\n\t\t\t\t<div class=\"elementor-widget-container\">\n\t\t\t\t\t<h3 class=\"elementor-heading-title elementor-size-default\">Private arrangementer<\/h3>\t\t\t\t<\/div>\n\t\t\t\t<\/div>\n\t\t\t\t<div class=\"elementor-element elementor-element-a70a549 elementor-widget elementor-widget-text-editor\" data-id=\"a70a549\" data-element_type=\"widget\" data-e-type=\"widget\" data-widget_type=\"text-editor.default\">\n\t\t\t\t<div class=\"elementor-widget-container\">\n\t\t\t\t\t\t\t\t\t<p>Enten det er bursdag, jubileum eller en spesiell anledning, skreddersyr vi uforglemmelige \u00f8yeblikk for deg og dine gjester.<\/p>\t\t\t\t\t\t\t\t<\/div>\n\t\t\t\t<\/div>\n\t\t\t\t<\/a>\n\t\t\t\t<\/div>\n\t\t<div class=\"elementor-element elementor-element-f32be7b e-con-full e-flex e-con e-child\" data-id=\"f32be7b\" data-element_type=\"container\" data-e-type=\"container\">\n\t\t<a class=\"elementor-element elementor-element-a36ecd6 e-con-full e-flex e-con e-child\" data-id=\"a36ecd6\" data-element_type=\"container\" data-e-type=\"container\" data-settings=\"{&quot;background_background&quot;:&quot;classic&quot;}\" href=\"https:\/\/romslo-entertainment.com\/minnestund\/\">\n\t\t\t\t<div class=\"elementor-element elementor-element-6045384 elementor-widget-divider--view-line elementor-widget elementor-widget-divider\" data-id=\"6045384\" data-element_type=\"widget\" data-e-type=\"widget\" data-widget_type=\"divider.default\">\n\t\t\t\t<div class=\"elementor-widget-container\">\n\t\t\t\t\t\t\t<div class=\"elementor-divider\">\n\t\t\t<span class=\"elementor-divider-separator\">\n\t\t\t\t\t\t<\/span>\n\t\t<\/div>\n\t\t\t\t\t\t<\/div>\n\t\t\t\t<\/div>\n\t\t\t\t<div class=\"elementor-element elementor-element-ec1e18b elementor-widget elementor-widget-heading\" data-id=\"ec1e18b\" data-element_type=\"widget\" data-e-type=\"widget\" data-widget_type=\"heading.default\">\n\t\t\t\t<div class=\"elementor-widget-container\">\n\t\t\t\t\t<h3 class=\"elementor-heading-title elementor-size-default\">MINNESTUND<\/h3>\t\t\t\t<\/div>\n\t\t\t\t<\/div>\n\t\t\t\t<div class=\"elementor-element elementor-element-67445d9 elementor-widget elementor-widget-text-editor\" data-id=\"67445d9\" data-element_type=\"widget\" data-e-type=\"widget\" data-widget_type=\"text-editor.default\">\n\t\t\t\t<div class=\"elementor-widget-container\">\n\t\t\t\t\t\t\t\t\t<p>Levende musikk tilf\u00f8rer ekstra dype f\u00f8lelser til minnestunden. Va\u030are musikere tilpasser n\u00f8ye musikken til betydningen av markeringen.<\/p>\t\t\t\t\t\t\t\t<\/div>\n\t\t\t\t<\/div>\n\t\t\t\t<\/a>\n\t\t\t\t<\/div>\n\t\t\t\t\t<\/div>\n\t\t\t\t<\/div>\n\t\t<div class=\"elementor-element elementor-element-1003fb7 e-flex e-con-boxed e-con e-parent\" data-id=\"1003fb7\" data-element_type=\"container\" data-e-type=\"container\" data-settings=\"{&quot;background_background&quot;:&quot;classic&quot;}\">\n\t\t\t\t\t<div class=\"e-con-inner\">\n\t\t<div class=\"elementor-element elementor-element-3885496 e-con-full e-flex e-con e-child\" data-id=\"3885496\" data-element_type=\"container\" data-e-type=\"container\">\n\t\t<div class=\"elementor-element elementor-element-aca5350 e-con-full e-flex e-con e-child\" data-id=\"aca5350\" data-element_type=\"container\" data-e-type=\"container\">\n\t\t\t\t<div class=\"elementor-element elementor-element-d65ff21 elementor-widget elementor-widget-image\" data-id=\"d65ff21\" data-element_type=\"widget\" data-e-type=\"widget\" data-widget_type=\"image.default\">\n\t\t\t\t<div class=\"elementor-widget-container\">\n\t\t\t\t\t\t\t\t\t\t\t\t\t\t\t<img fetchpriority=\"high\" decoding=\"async\" width=\"674\" height=\"650\" src=\"https:\/\/romslo-entertainment.com\/wp-content\/uploads\/2025\/01\/img.jpg\" class=\"attachment-full size-full wp-image-617\" alt=\"\" srcset=\"https:\/\/romslo-entertainment.com\/wp-content\/uploads\/2025\/01\/img.jpg 674w, https:\/\/romslo-entertainment.com\/wp-content\/uploads\/2025\/01\/img-300x289.jpg 300w\" sizes=\"(max-width: 674px) 100vw, 674px\" \/>\t\t\t\t\t\t\t\t\t\t\t\t\t\t\t<\/div>\n\t\t\t\t<\/div>\n\t\t\t\t<\/div>\n\t\t<div class=\"elementor-element elementor-element-2ad8d3a e-con-full e-flex e-con e-child\" data-id=\"2ad8d3a\" data-element_type=\"container\" data-e-type=\"container\">\n\t\t\t\t<div class=\"elementor-element elementor-element-f5bd204 elementor-widget elementor-widget-heading\" data-id=\"f5bd204\" data-element_type=\"widget\" data-e-type=\"widget\" data-settings=\"{&quot;_animation_mobile&quot;:&quot;none&quot;}\" data-widget_type=\"heading.default\">\n\t\t\t\t<div class=\"elementor-widget-container\">\n\t\t\t\t\t<h2 class=\"elementor-heading-title elementor-size-default\">Hvorfor booke oss?<\/h2>\t\t\t\t<\/div>\n\t\t\t\t<\/div>\n\t\t\t\t<div class=\"elementor-element elementor-element-fd15ed1 elementor-icon-list--layout-traditional elementor-list-item-link-full_width elementor-widget elementor-widget-icon-list\" data-id=\"fd15ed1\" data-element_type=\"widget\" data-e-type=\"widget\" data-widget_type=\"icon-list.default\">\n\t\t\t\t<div class=\"elementor-widget-container\">\n\t\t\t\t\t\t\t<ul class=\"elementor-icon-list-items\">\n\t\t\t\t\t\t\t<li class=\"elementor-icon-list-item\">\n\t\t\t\t\t\t\t\t\t\t\t<span class=\"elementor-icon-list-icon\">\n\t\t\t\t\t\t\t<i aria-hidden=\"true\" class=\"fas fa-check-circle\"><\/i>\t\t\t\t\t\t<\/span>\n\t\t\t\t\t\t\t\t\t\t<span class=\"elementor-icon-list-text\"> Friheten til \u00e5 nyte arrangementet ditt uten \u00e5 m\u00e5tte styre musikken.<\/span>\n\t\t\t\t\t\t\t\t\t<\/li>\n\t\t\t\t\t\t\t\t<li class=\"elementor-icon-list-item\">\n\t\t\t\t\t\t\t\t\t\t\t<span class=\"elementor-icon-list-icon\">\n\t\t\t\t\t\t\t<i aria-hidden=\"true\" class=\"fas fa-check-circle\"><\/i>\t\t\t\t\t\t<\/span>\n\t\t\t\t\t\t\t\t\t\t<span class=\"elementor-icon-list-text\"> En overlegen lydopplevelse med profesjonelt utstyr og lydteknikere.<\/span>\n\t\t\t\t\t\t\t\t\t<\/li>\n\t\t\t\t\t\t\t\t<li class=\"elementor-icon-list-item\">\n\t\t\t\t\t\t\t\t\t\t\t<span class=\"elementor-icon-list-icon\">\n\t\t\t\t\t\t\t<i aria-hidden=\"true\" class=\"fas fa-check-circle\"><\/i>\t\t\t\t\t\t<\/span>\n\t\t\t\t\t\t\t\t\t\t<span class=\"elementor-icon-list-text\">Musikere som kan tilpasse seg energien til gjestene.<\/span>\n\t\t\t\t\t\t\t\t\t<\/li>\n\t\t\t\t\t\t\t\t<li class=\"elementor-icon-list-item\">\n\t\t\t\t\t\t\t\t\t\t\t<span class=\"elementor-icon-list-icon\">\n\t\t\t\t\t\t\t<i aria-hidden=\"true\" class=\"fas fa-check-circle\"><\/i>\t\t\t\t\t\t<\/span>\n\t\t\t\t\t\t\t\t\t\t<span class=\"elementor-icon-list-text\"> Liveopptredener som holder gjestene engasjert og underholdt.<\/span>\n\t\t\t\t\t\t\t\t\t<\/li>\n\t\t\t\t\t\t\t\t<li class=\"elementor-icon-list-item\">\n\t\t\t\t\t\t\t\t\t\t\t<span class=\"elementor-icon-list-icon\">\n\t\t\t\t\t\t\t<i aria-hidden=\"true\" class=\"fas fa-check-circle\"><\/i>\t\t\t\t\t\t<\/span>\n\t\t\t\t\t\t\t\t\t\t<span class=\"elementor-icon-list-text\"> Unike, spontane \u00f8yeblikk som en spilleliste ikke kan tilby.<\/span>\n\t\t\t\t\t\t\t\t\t<\/li>\n\t\t\t\t\t\t\t\t<li class=\"elementor-icon-list-item\">\n\t\t\t\t\t\t\t\t\t\t\t<span class=\"elementor-icon-list-icon\">\n\t\t\t\t\t\t\t<i aria-hidden=\"true\" class=\"fas fa-check-circle\"><\/i>\t\t\t\t\t\t<\/span>\n\t\t\t\t\t\t\t\t\t\t<span class=\"elementor-icon-list-text\"> En dypere f\u00f8lelsesmessig forbindelse med publikum.<\/span>\n\t\t\t\t\t\t\t\t\t<\/li>\n\t\t\t\t\t\t<\/ul>\n\t\t\t\t\t\t<\/div>\n\t\t\t\t<\/div>\n\t\t\t\t<\/div>\n\t\t\t\t<\/div>\n\t\t\t\t\t<\/div>\n\t\t\t\t<\/div>\n\t\t\t\t<\/div>\n\t\t","protected":false},"excerpt":{"rendered":"<p>\u00a0Live forestilling for ethvert arrangement\u00a0 Skreddersydd Musikk Bedriftsarrangementer Fra produktlanseringer til konferanser, vi skaper minneverdige opplevelser som gir gjenklang med deres merkevare. Bryllup Gj\u00f8r dr\u00f8mmebryllupet til virkelighet med v\u00e5re f\u00f8rsteklasses underholdningstjenester, som gj\u00f8r den store dagen din virkelig magisk. Private arrangementer Enten det er bursdag, jubileum eller en spesiell anledning, skreddersyr vi uforglemmelige \u00f8yeblikk for [&hellip;]<\/p>\n","protected":false},"author":4,"featured_media":0,"parent":0,"menu_order":0,"comment_status":"closed","ping_status":"closed","template":"","meta":{"content-type":"","inline_featured_image":false,"footnotes":""},"class_list":["post-392","page","type-page","status-publish","hentry"],"yoast_head":"<!-- This site is optimized with the Yoast SEO plugin v27.4 - https:\/\/yoast.com\/product\/yoast-seo-wordpress\/ -->\n<title>Tjenester | Romslo Entertainment<\/title>\n<meta name=\"description\" content=\"Vi leverer live musikk for ethvert arrangement \u2013 fra bedriftsarrangementer til private anledninger som minnestund og bryllup.\" \/>\n<meta name=\"robots\" content=\"index, follow, max-snippet:-1, max-image-preview:large, max-video-preview:-1\" \/>\n<link rel=\"canonical\" href=\"https:\/\/romslo-entertainment.com\/tjenester\/\" \/>\n<meta property=\"og:locale\" content=\"nb_NO\" \/>\n<meta property=\"og:type\" content=\"article\" \/>\n<meta property=\"og:title\" content=\"Tjenester | Romslo Entertainment\" \/>\n<meta property=\"og:description\" content=\"Vi leverer live musikk for ethvert arrangement \u2013 fra bedriftsarrangementer til private anledninger som minnestund og bryllup.\" \/>\n<meta property=\"og:url\" content=\"https:\/\/romslo-entertainment.com\/tjenester\/\" \/>\n<meta property=\"og:site_name\" content=\"Romslo Entertainment\" \/>\n<meta property=\"article:publisher\" content=\"https:\/\/www.facebook.com\/romslo.entertainment\" \/>\n<meta property=\"article:modified_time\" content=\"2025-09-05T07:03:42+00:00\" \/>\n<meta property=\"og:image\" content=\"https:\/\/romslo-entertainment.com\/wp-content\/uploads\/2025\/01\/img.jpg\" \/>\n\t<meta property=\"og:image:width\" content=\"674\" \/>\n\t<meta property=\"og:image:height\" content=\"650\" \/>\n\t<meta property=\"og:image:type\" content=\"image\/jpeg\" \/>\n<meta name=\"twitter:card\" content=\"summary_large_image\" \/>\n<meta name=\"twitter:label1\" content=\"Ansl. lesetid\" \/>\n\t<meta name=\"twitter:data1\" content=\"1 minutt\" \/>\n<script type=\"application\/ld+json\" class=\"yoast-schema-graph\">{\"@context\":\"https:\\\/\\\/schema.org\",\"@graph\":[{\"@type\":\"WebPage\",\"@id\":\"https:\\\/\\\/romslo-entertainment.com\\\/tjenester\\\/\",\"url\":\"https:\\\/\\\/romslo-entertainment.com\\\/tjenester\\\/\",\"name\":\"Tjenester | Romslo Entertainment\",\"isPartOf\":{\"@id\":\"https:\\\/\\\/romslo-entertainment.com\\\/#website\"},\"primaryImageOfPage\":{\"@id\":\"https:\\\/\\\/romslo-entertainment.com\\\/tjenester\\\/#primaryimage\"},\"image\":{\"@id\":\"https:\\\/\\\/romslo-entertainment.com\\\/tjenester\\\/#primaryimage\"},\"thumbnailUrl\":\"https:\\\/\\\/romslo-entertainment.com\\\/wp-content\\\/uploads\\\/2025\\\/01\\\/img.jpg\",\"datePublished\":\"2025-01-27T21:09:45+00:00\",\"dateModified\":\"2025-09-05T07:03:42+00:00\",\"description\":\"Vi leverer live musikk for ethvert arrangement \u2013 fra bedriftsarrangementer til private anledninger som minnestund og bryllup.\",\"breadcrumb\":{\"@id\":\"https:\\\/\\\/romslo-entertainment.com\\\/tjenester\\\/#breadcrumb\"},\"inLanguage\":\"nb-NO\",\"potentialAction\":[{\"@type\":\"ReadAction\",\"target\":[\"https:\\\/\\\/romslo-entertainment.com\\\/tjenester\\\/\"]}]},{\"@type\":\"ImageObject\",\"inLanguage\":\"nb-NO\",\"@id\":\"https:\\\/\\\/romslo-entertainment.com\\\/tjenester\\\/#primaryimage\",\"url\":\"https:\\\/\\\/romslo-entertainment.com\\\/wp-content\\\/uploads\\\/2025\\\/01\\\/img.jpg\",\"contentUrl\":\"https:\\\/\\\/romslo-entertainment.com\\\/wp-content\\\/uploads\\\/2025\\\/01\\\/img.jpg\"},{\"@type\":\"BreadcrumbList\",\"@id\":\"https:\\\/\\\/romslo-entertainment.com\\\/tjenester\\\/#breadcrumb\",\"itemListElement\":[{\"@type\":\"ListItem\",\"position\":1,\"name\":\"Home\",\"item\":\"https:\\\/\\\/romslo-entertainment.com\\\/\"},{\"@type\":\"ListItem\",\"position\":2,\"name\":\"Tjenester\"}]},{\"@type\":\"WebSite\",\"@id\":\"https:\\\/\\\/romslo-entertainment.com\\\/#website\",\"url\":\"https:\\\/\\\/romslo-entertainment.com\\\/\",\"name\":\"Romslo Entertainment\",\"description\":\"Leverer ekstraordin\u00e6r underholdning\",\"publisher\":{\"@id\":\"https:\\\/\\\/romslo-entertainment.com\\\/#organization\"},\"potentialAction\":[{\"@type\":\"SearchAction\",\"target\":{\"@type\":\"EntryPoint\",\"urlTemplate\":\"https:\\\/\\\/romslo-entertainment.com\\\/?s={search_term_string}\"},\"query-input\":{\"@type\":\"PropertyValueSpecification\",\"valueRequired\":true,\"valueName\":\"search_term_string\"}}],\"inLanguage\":\"nb-NO\"},{\"@type\":\"Organization\",\"@id\":\"https:\\\/\\\/romslo-entertainment.com\\\/#organization\",\"name\":\"Romslo Entertainment AS\",\"url\":\"https:\\\/\\\/romslo-entertainment.com\\\/\",\"logo\":{\"@type\":\"ImageObject\",\"inLanguage\":\"nb-NO\",\"@id\":\"https:\\\/\\\/romslo-entertainment.com\\\/#\\\/schema\\\/logo\\\/image\\\/\",\"url\":\"https:\\\/\\\/romslo-entertainment.com\\\/wp-content\\\/uploads\\\/2025\\\/02\\\/favicon.jpg\",\"contentUrl\":\"https:\\\/\\\/romslo-entertainment.com\\\/wp-content\\\/uploads\\\/2025\\\/02\\\/favicon.jpg\",\"width\":512,\"height\":512,\"caption\":\"Romslo Entertainment AS\"},\"image\":{\"@id\":\"https:\\\/\\\/romslo-entertainment.com\\\/#\\\/schema\\\/logo\\\/image\\\/\"},\"sameAs\":[\"https:\\\/\\\/www.facebook.com\\\/romslo.entertainment\",\"https:\\\/\\\/www.instagram.com\\\/romslo.entertainment\"]}]}<\/script>\n<!-- \/ Yoast SEO plugin. -->","yoast_head_json":{"title":"Tjenester | Romslo Entertainment","description":"Vi leverer live musikk for ethvert arrangement \u2013 fra bedriftsarrangementer til private anledninger som minnestund og bryllup.","robots":{"index":"index","follow":"follow","max-snippet":"max-snippet:-1","max-image-preview":"max-image-preview:large","max-video-preview":"max-video-preview:-1"},"canonical":"https:\/\/romslo-entertainment.com\/tjenester\/","og_locale":"nb_NO","og_type":"article","og_title":"Tjenester | Romslo Entertainment","og_description":"Vi leverer live musikk for ethvert arrangement \u2013 fra bedriftsarrangementer til private anledninger som minnestund og bryllup.","og_url":"https:\/\/romslo-entertainment.com\/tjenester\/","og_site_name":"Romslo Entertainment","article_publisher":"https:\/\/www.facebook.com\/romslo.entertainment","article_modified_time":"2025-09-05T07:03:42+00:00","og_image":[{"width":674,"height":650,"url":"https:\/\/romslo-entertainment.com\/wp-content\/uploads\/2025\/01\/img.jpg","type":"image\/jpeg"}],"twitter_card":"summary_large_image","twitter_misc":{"Ansl. lesetid":"1 minutt"},"schema":{"@context":"https:\/\/schema.org","@graph":[{"@type":"WebPage","@id":"https:\/\/romslo-entertainment.com\/tjenester\/","url":"https:\/\/romslo-entertainment.com\/tjenester\/","name":"Tjenester | Romslo Entertainment","isPartOf":{"@id":"https:\/\/romslo-entertainment.com\/#website"},"primaryImageOfPage":{"@id":"https:\/\/romslo-entertainment.com\/tjenester\/#primaryimage"},"image":{"@id":"https:\/\/romslo-entertainment.com\/tjenester\/#primaryimage"},"thumbnailUrl":"https:\/\/romslo-entertainment.com\/wp-content\/uploads\/2025\/01\/img.jpg","datePublished":"2025-01-27T21:09:45+00:00","dateModified":"2025-09-05T07:03:42+00:00","description":"Vi leverer live musikk for ethvert arrangement \u2013 fra bedriftsarrangementer til private anledninger som minnestund og bryllup.","breadcrumb":{"@id":"https:\/\/romslo-entertainment.com\/tjenester\/#breadcrumb"},"inLanguage":"nb-NO","potentialAction":[{"@type":"ReadAction","target":["https:\/\/romslo-entertainment.com\/tjenester\/"]}]},{"@type":"ImageObject","inLanguage":"nb-NO","@id":"https:\/\/romslo-entertainment.com\/tjenester\/#primaryimage","url":"https:\/\/romslo-entertainment.com\/wp-content\/uploads\/2025\/01\/img.jpg","contentUrl":"https:\/\/romslo-entertainment.com\/wp-content\/uploads\/2025\/01\/img.jpg"},{"@type":"BreadcrumbList","@id":"https:\/\/romslo-entertainment.com\/tjenester\/#breadcrumb","itemListElement":[{"@type":"ListItem","position":1,"name":"Home","item":"https:\/\/romslo-entertainment.com\/"},{"@type":"ListItem","position":2,"name":"Tjenester"}]},{"@type":"WebSite","@id":"https:\/\/romslo-entertainment.com\/#website","url":"https:\/\/romslo-entertainment.com\/","name":"Romslo Entertainment","description":"Leverer ekstraordin\u00e6r underholdning","publisher":{"@id":"https:\/\/romslo-entertainment.com\/#organization"},"potentialAction":[{"@type":"SearchAction","target":{"@type":"EntryPoint","urlTemplate":"https:\/\/romslo-entertainment.com\/?s={search_term_string}"},"query-input":{"@type":"PropertyValueSpecification","valueRequired":true,"valueName":"search_term_string"}}],"inLanguage":"nb-NO"},{"@type":"Organization","@id":"https:\/\/romslo-entertainment.com\/#organization","name":"Romslo Entertainment AS","url":"https:\/\/romslo-entertainment.com\/","logo":{"@type":"ImageObject","inLanguage":"nb-NO","@id":"https:\/\/romslo-entertainment.com\/#\/schema\/logo\/image\/","url":"https:\/\/romslo-entertainment.com\/wp-content\/uploads\/2025\/02\/favicon.jpg","contentUrl":"https:\/\/romslo-entertainment.com\/wp-content\/uploads\/2025\/02\/favicon.jpg","width":512,"height":512,"caption":"Romslo Entertainment AS"},"image":{"@id":"https:\/\/romslo-entertainment.com\/#\/schema\/logo\/image\/"},"sameAs":["https:\/\/www.facebook.com\/romslo.entertainment","https:\/\/www.instagram.com\/romslo.entertainment"]}]}},"_links":{"self":[{"href":"https:\/\/romslo-entertainment.com\/no\/wp-json\/wp\/v2\/pages\/392","targetHints":{"allow":["GET"]}}],"collection":[{"href":"https:\/\/romslo-entertainment.com\/no\/wp-json\/wp\/v2\/pages"}],"about":[{"href":"https:\/\/romslo-entertainment.com\/no\/wp-json\/wp\/v2\/types\/page"}],"author":[{"embeddable":true,"href":"https:\/\/romslo-entertainment.com\/no\/wp-json\/wp\/v2\/users\/4"}],"replies":[{"embeddable":true,"href":"https:\/\/romslo-entertainment.com\/no\/wp-json\/wp\/v2\/comments?post=392"}],"version-history":[{"count":215,"href":"https:\/\/romslo-entertainment.com\/no\/wp-json\/wp\/v2\/pages\/392\/revisions"}],"predecessor-version":[{"id":10123,"href":"https:\/\/romslo-entertainment.com\/no\/wp-json\/wp\/v2\/pages\/392\/revisions\/10123"}],"wp:attachment":[{"href":"https:\/\/romslo-entertainment.com\/no\/wp-json\/wp\/v2\/media?parent=392"}],"curies":[{"name":"wp","href":"https:\/\/api.w.org\/{rel}","templated":true}]}}