{"id":8792,"date":"2025-09-10T08:48:53","date_gmt":"2025-09-10T06:48:53","guid":{"rendered":"https:\/\/romslo-entertainment.com\/?page_id=8792"},"modified":"2025-09-10T10:06:23","modified_gmt":"2025-09-10T08:06:23","slug":"personvern","status":"publish","type":"page","link":"https:\/\/romslo-entertainment.com\/no\/personvern\/","title":{"rendered":"Personvern"},"content":{"rendered":"\t\t<div data-elementor-type=\"wp-page\" data-elementor-id=\"8792\" class=\"elementor elementor-8792\" data-elementor-post-type=\"page\">\n\t\t\t\t<div class=\"elementor-element elementor-element-df2ebe2 e-flex e-con-boxed e-con e-parent\" data-id=\"df2ebe2\" data-element_type=\"container\" data-e-type=\"container\">\n\t\t\t\t\t<div class=\"e-con-inner\">\n\t\t<div class=\"elementor-element elementor-element-dd8e703 e-con-full e-flex e-con e-child\" data-id=\"dd8e703\" data-element_type=\"container\" data-e-type=\"container\">\n\t\t\t\t<div class=\"elementor-element elementor-element-ef142e4 elementor-widget elementor-widget-heading\" data-id=\"ef142e4\" data-element_type=\"widget\" data-e-type=\"widget\" data-settings=\"{&quot;_animation_mobile&quot;:&quot;none&quot;}\" data-widget_type=\"heading.default\">\n\t\t\t\t<div class=\"elementor-widget-container\">\n\t\t\t\t\t<h1 class=\"elementor-heading-title elementor-size-default\">Personvern<\/h1>\t\t\t\t<\/div>\n\t\t\t\t<\/div>\n\t\t\t\t<div class=\"elementor-element elementor-element-0c18822 elementor-widget elementor-widget-text-editor\" data-id=\"0c18822\" data-element_type=\"widget\" data-e-type=\"widget\" data-widget_type=\"text-editor.default\">\n\t\t\t\t<div class=\"elementor-widget-container\">\n\t\t\t\t\t\t\t\t\t<p><strong>Personvernerkl\u00e6ringen informerer om hvordan Romslo Entertainment AS (organisasjonsnummer 934 816 145) samler inn og bruker data og personopplysninger. I denne erkl\u00e6ringen forklarer vi hvilke personopplysninger vi behandler, hvordan vi behandler disse og hvilket form\u00e5l behandlingen har. Erkl\u00e6ringen inneholder opplysninger du har krav p\u00e5 n\u00e5r det samles inn opplysninger fra nettstedet v\u00e5rt.\u00a0<\/strong>(Publisert 10.09.2025)<\/p><p><b>Bruk av informasjonskapsler<br \/><\/b>Romslo Entertainment AS bruker informasjonskapsler (cookies) for \u00e5 forst\u00e5 hvordan nettstedet brukes og dermed gi v\u00e5re bes\u00f8kende en s\u00e5 god brukeropplevelse som mulig. Ved bruk av v\u00e5rt nettsted aksepterer du at slik informasjonskapsler benyttes.<\/p><p><b>Hva er informasjonskapsler \/ cookies<br \/><\/b>Informasjonskapsler er noe de fleste nettsider benytter seg av i dag. En informasjonskapsel er et lite stykke kode\/tekstfil som legges i din nettleser n\u00e5r du bes\u00f8ker v\u00e5re sider. Den gj\u00f8r at vi kan se hvilke sider som bes\u00f8kes, hvilke knapper som klikkes p\u00e5 og hvordan du navigerer p\u00e5 siden. Vi samler ogs\u00e5 inn informasjon f.eks. om hvilken nettleser du bruker, navigasjon, tid for bes\u00f8k. Dette gj\u00f8r vi for \u00e5 tilpasse innholdet p\u00e5 nettstedet til deg som bruker s\u00e5 godt som mulig. De fleste nettlesere (Internet Explorer, Google Chrome, Firefox, Safari, osv.) er stilt inn til \u00e5 akseptere informasjonskapsler automatisk, men du kan selv velge \u00e5 endre innstillingene slik at informasjonskapslene ikke aksepteres. Vi gj\u00f8r oppmerksom p\u00e5 at dette kan medf\u00f8re at sv\u00e6rt mange nettsider ikke lenger vil fungere skikkelig.<\/p><p><b>Hva bruker Romslo Entertainment AS informasjonskapsler til:<br \/><\/b><\/p><p><b>Google Tag Manager<br \/><\/b>Google Tag Manager h\u00e5ndterer sporingskoder og refererer til sporingsoppsett og tracking til tredjepartsl\u00f8sninger som Universal Analytics (Google Analytics) og brukes til optimalisering av nettsiden og markedsf\u00f8ringstjenester. Alt av sporingskoder kj\u00f8res og h\u00e5ndteres via Google Tag Manager.<\/p><p><b>Google Analytics<br \/><\/b>Dette analyseverkt\u00f8yet brukes for \u00e5 studere trafikk, bruksm\u00f8nstre og trender p\u00e5 v\u00e5re nettsider. Dataene som samles inn brukes for \u00e5 optimalisere brukeropplevelsen og tilpasse innholdet p\u00e5 nettsiden. I henhold til Googles retningslinjer for bruk av Google Analytics samles det ikke inn personlig informasjon om deg som bruker. Dataene som samles inn lagres p\u00e5 Googles tjenere. Vi lagrer data som bevegelser p\u00e5 nettsiden og visse handlinger (f.eks. om du benytter et skjema). Alle opplysninger er underlagt Googles retningslinjer for personvern.<\/p><p><b>Meta Pixel<br \/><\/b>Meta pixel benyttes for \u00e5 styre og m\u00e5le effekt av annonsering i sosiale medier. Ved \u00e5 spore handlingene brukeren utf\u00f8rer p\u00e5 nettstedet er vi i stand til \u00e5 forbedre annonsekampanjer, lage smarte m\u00e5lgrupper og drive remarketing. (Meta pixel benyttes for Facebook, Instagram, Messenger, Instant Articles og Audience Network, og bruk av Meta pixel dekker derfor ogs\u00e5 disse kanalene).<\/p><p>Disse medienes analyseverkt\u00f8y gir oss tilgang til statistikk der vi bl.a. f\u00e5r vite hvilke sider som er bes\u00f8kt som f\u00f8lge av en annonsekampanje og hvilke handlinger som er utf\u00f8rt (bestilling\/kontaktskjema).<\/p><p><b>Innebygde videoer fra YouTube<br \/><\/b>Nettsiden kan inneholde innebygde videoer fra v\u00e5r YouTube-kanal. N\u00e5r du spiller av en slik video, kan Google (YouTube) samle inn opplysninger om deg, som for eksempel IP-adresse og informasjon om enheten du bruker. YouTube kan ogs\u00e5 lagre informasjonskapsler (cookies) eller bruke lignende teknologier. Vi anbefaler at du leser Googles <a href=\"https:\/\/policies.google.com\/privacy\">personvernerkl\u00e6ring<\/a> for mer informasjon om hvordan de behandler data.<\/p><p><b>Hotjar<\/b><br \/>Kartlegger interaksjonen brukeren har med nettstedet. For \u00e5 hjelpe oss \u00e5 forst\u00e5 hvordan bes\u00f8kende samhandler med nettstedet, registrerer Hotjar bes\u00f8kendes \u00f8kter. Hotjar-skriptet er en websocket-tilkobling som sender f\u00f8lgende informasjon til Hotjar sine tjenere:<br \/>\u200d<br \/>&#8211; HTML-endringer som skjer under brukerens \u00f8kt p\u00e5 nettstedet<br \/>&#8211; Musebevegelser<br \/>&#8211; Museklikk<br \/>&#8211; Scrolle-bevegelser<br \/>&#8211; Tastetrykk for hvitlistede handlinger<br \/>&#8211; Statistikk for om visningsst\u00f8rrelsen for nettleseren endres<\/p><p>Hver hendelse som spores lagres i Hotjars sky-database ved hjelp av et tidsstempel som senere brukes til \u00e5 spille av hendelsene i sekvensiell rekkef\u00f8lge. Hotjar-skriptet sporer bes\u00f8kende n\u00e5r de bes\u00f8ker forskjellige sider ved hjelp av en f\u00f8rste-parti informasjonskapsel, slik at man kan spille av hele \u00f8kten i et enkelt opptak. Ingen sensitiv informasjon eller brukerinformasjon hentes eller lagres.<\/p><p><b>Innhenting av kontaktinformasjon<br \/><\/b>V\u00e5re data om Romslo Entertainment AS sine kunder (kontaktinformasjon) lagres i v\u00e5rt CMS-system (WordPress), men f\u00e5r ingen tilsendt informasjon uten aktivt samtykke. Det er frivillig \u00e5 oppgi denne informasjonen. Hvis du velger \u00e5 ikke oppgi personopplysningene, kan vi v\u00e6re forhindret fra \u00e5 gi deg tilgang til produktet eller tjenesten.<\/p><p><b>Eksempel p\u00e5 skjema:<br \/><\/b>\u00a7 Kontaktskjema<br \/>\u00a7 Ved p\u00e5melding til \u00e5 motta nyhetsbrev eller blogg p\u00e5 e-post.<br \/>\u00a7 N\u00e5r du laster ned dokumenter som e-b\u00f8ker eller annet.<br \/>\u00a7 \u00c5 sende sende relevant informasjon til brukeren.<br \/>\u00a7 \u00c5 gi brukeren tilgang til v\u00e5re produkter og tjenester.<br \/>\u00a7 \u00c5 kunne ta kontakt for \u00e5 tilby produkter eller tjenester i salgs\u00f8yemed.<\/p><p><b>Form\u00e5let med informasjonen som innhentes<br \/><\/b>Dersom du har gitt oss ditt samtykke til utsendelse av nyhetsbrev o.l., vil din informasjon lagres inntil du aktivt ber oss om \u00e5 slette dine data. Behandling av personopplysningene er basert p\u00e5 samtykke, og du kan til enhver tid trekke samtykke tilbake.<\/p><p>Kontaktdata som vi har lagret for \u00e5 f\u00f8lge opp potensielle kunder vil f\u00f8lge v\u00e5re retningslinjer for jevnlig sletting av slike data.<\/p><p>Du har rett til innsyn i personopplysninger om deg og hvordan de behandles. Du har ogs\u00e5 rett til \u00e5 f\u00e5 opplysningene rettet, slettet eller \u00e5 begrense behandlingen av personopplysningene i henhold til personopplysningsloven.<\/p><p>Du kan kontakte oss p\u00e5 <a href=\"mailto:romslo@romslo-entertainment.com\">romslo@romslo-entertainment.com<\/a> for tilgang til, endring eller sletting av informasjon.<\/p><p><b>Hvordan slette informasjonskapsler<\/b><\/p>\t\t\t\t\t\t\t\t<\/div>\n\t\t\t\t<\/div>\n\t\t\t\t<div class=\"elementor-element elementor-element-2239065 elementor-widget elementor-widget-html\" data-id=\"2239065\" data-element_type=\"widget\" data-e-type=\"widget\" data-widget_type=\"html.default\">\n\t\t\t\t<div class=\"elementor-widget-container\">\n\t\t\t\t\t<script\n  id=\"CookieDeclaration\"\n  src=\"https:\/\/consent.cookiebot.com\/d5b1e5c5-2a38-4f85-9154-812784385072\/cd.js\"\n  type=\"text\/javascript\"\n><\/script>\t\t\t\t<\/div>\n\t\t\t\t<\/div>\n\t\t\t\t<\/div>\n\t\t\t\t\t<\/div>\n\t\t\t\t<\/div>\n\t\t\t\t<\/div>\n\t\t","protected":false},"excerpt":{"rendered":"<p>Personvern Personvernerkl\u00e6ringen informerer om hvordan Romslo Entertainment AS (organisasjonsnummer 934 816 145) samler inn og bruker data og personopplysninger. I denne erkl\u00e6ringen forklarer vi hvilke personopplysninger vi behandler, hvordan vi behandler disse og hvilket form\u00e5l behandlingen har. Erkl\u00e6ringen inneholder opplysninger du har krav p\u00e5 n\u00e5r det samles inn opplysninger fra nettstedet v\u00e5rt.\u00a0(Publisert 10.09.2025) Bruk av [&hellip;]<\/p>\n","protected":false},"author":9,"featured_media":0,"parent":0,"menu_order":0,"comment_status":"closed","ping_status":"closed","template":"","meta":{"content-type":"","inline_featured_image":false,"footnotes":""},"class_list":["post-8792","page","type-page","status-publish","hentry"],"yoast_head":"<!-- This site is optimized with the Yoast SEO plugin v27.4 - https:\/\/yoast.com\/product\/yoast-seo-wordpress\/ -->\n<title>Personvern | Romslo Entertainment<\/title>\n<meta name=\"description\" content=\"Personvernerkl\u00e6ringen informerer om hvordan Romslo Entertainment AS samler inn og bruker data og personopplysninger.\" \/>\n<meta name=\"robots\" content=\"index, follow, max-snippet:-1, max-image-preview:large, max-video-preview:-1\" \/>\n<link rel=\"canonical\" href=\"https:\/\/romslo-entertainment.com\/personvern\/\" \/>\n<meta property=\"og:locale\" content=\"nb_NO\" \/>\n<meta property=\"og:type\" content=\"article\" \/>\n<meta property=\"og:title\" content=\"Personvern | Romslo Entertainment\" \/>\n<meta property=\"og:description\" content=\"Personvernerkl\u00e6ringen informerer om hvordan Romslo Entertainment AS samler inn og bruker data og personopplysninger.\" \/>\n<meta property=\"og:url\" content=\"https:\/\/romslo-entertainment.com\/personvern\/\" \/>\n<meta property=\"og:site_name\" content=\"Romslo Entertainment\" \/>\n<meta property=\"article:publisher\" content=\"https:\/\/www.facebook.com\/romslo.entertainment\" \/>\n<meta property=\"article:modified_time\" content=\"2025-09-10T08:06:23+00:00\" \/>\n<meta property=\"og:image\" content=\"https:\/\/romslo-entertainment.com\/wp-content\/uploads\/2025\/02\/DSC7329-scaled.webp\" \/>\n\t<meta property=\"og:image:width\" content=\"2560\" \/>\n\t<meta property=\"og:image:height\" content=\"1707\" \/>\n\t<meta property=\"og:image:type\" content=\"image\/webp\" \/>\n<meta name=\"twitter:card\" content=\"summary_large_image\" \/>\n<meta name=\"twitter:label1\" content=\"Ansl. lesetid\" \/>\n\t<meta name=\"twitter:data1\" content=\"12 minutter\" \/>\n<script type=\"application\/ld+json\" class=\"yoast-schema-graph\">{\"@context\":\"https:\\\/\\\/schema.org\",\"@graph\":[{\"@type\":\"WebPage\",\"@id\":\"https:\\\/\\\/romslo-entertainment.com\\\/personvern\\\/\",\"url\":\"https:\\\/\\\/romslo-entertainment.com\\\/personvern\\\/\",\"name\":\"Personvern | Romslo Entertainment\",\"isPartOf\":{\"@id\":\"https:\\\/\\\/romslo-entertainment.com\\\/#website\"},\"datePublished\":\"2025-09-10T06:48:53+00:00\",\"dateModified\":\"2025-09-10T08:06:23+00:00\",\"description\":\"Personvernerkl\u00e6ringen informerer om hvordan Romslo Entertainment AS samler inn og bruker data og personopplysninger.\",\"breadcrumb\":{\"@id\":\"https:\\\/\\\/romslo-entertainment.com\\\/personvern\\\/#breadcrumb\"},\"inLanguage\":\"nb-NO\",\"potentialAction\":[{\"@type\":\"ReadAction\",\"target\":[\"https:\\\/\\\/romslo-entertainment.com\\\/personvern\\\/\"]}]},{\"@type\":\"BreadcrumbList\",\"@id\":\"https:\\\/\\\/romslo-entertainment.com\\\/personvern\\\/#breadcrumb\",\"itemListElement\":[{\"@type\":\"ListItem\",\"position\":1,\"name\":\"Home\",\"item\":\"https:\\\/\\\/romslo-entertainment.com\\\/\"},{\"@type\":\"ListItem\",\"position\":2,\"name\":\"Personvern\"}]},{\"@type\":\"WebSite\",\"@id\":\"https:\\\/\\\/romslo-entertainment.com\\\/#website\",\"url\":\"https:\\\/\\\/romslo-entertainment.com\\\/\",\"name\":\"Romslo Entertainment\",\"description\":\"Leverer ekstraordin\u00e6r underholdning\",\"publisher\":{\"@id\":\"https:\\\/\\\/romslo-entertainment.com\\\/#organization\"},\"potentialAction\":[{\"@type\":\"SearchAction\",\"target\":{\"@type\":\"EntryPoint\",\"urlTemplate\":\"https:\\\/\\\/romslo-entertainment.com\\\/?s={search_term_string}\"},\"query-input\":{\"@type\":\"PropertyValueSpecification\",\"valueRequired\":true,\"valueName\":\"search_term_string\"}}],\"inLanguage\":\"nb-NO\"},{\"@type\":\"Organization\",\"@id\":\"https:\\\/\\\/romslo-entertainment.com\\\/#organization\",\"name\":\"Romslo Entertainment AS\",\"url\":\"https:\\\/\\\/romslo-entertainment.com\\\/\",\"logo\":{\"@type\":\"ImageObject\",\"inLanguage\":\"nb-NO\",\"@id\":\"https:\\\/\\\/romslo-entertainment.com\\\/#\\\/schema\\\/logo\\\/image\\\/\",\"url\":\"https:\\\/\\\/romslo-entertainment.com\\\/wp-content\\\/uploads\\\/2025\\\/02\\\/favicon.jpg\",\"contentUrl\":\"https:\\\/\\\/romslo-entertainment.com\\\/wp-content\\\/uploads\\\/2025\\\/02\\\/favicon.jpg\",\"width\":512,\"height\":512,\"caption\":\"Romslo Entertainment AS\"},\"image\":{\"@id\":\"https:\\\/\\\/romslo-entertainment.com\\\/#\\\/schema\\\/logo\\\/image\\\/\"},\"sameAs\":[\"https:\\\/\\\/www.facebook.com\\\/romslo.entertainment\",\"https:\\\/\\\/www.instagram.com\\\/romslo.entertainment\"]}]}<\/script>\n<!-- \/ Yoast SEO plugin. -->","yoast_head_json":{"title":"Personvern | Romslo Entertainment","description":"Personvernerkl\u00e6ringen informerer om hvordan Romslo Entertainment AS samler inn og bruker data og personopplysninger.","robots":{"index":"index","follow":"follow","max-snippet":"max-snippet:-1","max-image-preview":"max-image-preview:large","max-video-preview":"max-video-preview:-1"},"canonical":"https:\/\/romslo-entertainment.com\/personvern\/","og_locale":"nb_NO","og_type":"article","og_title":"Personvern | Romslo Entertainment","og_description":"Personvernerkl\u00e6ringen informerer om hvordan Romslo Entertainment AS samler inn og bruker data og personopplysninger.","og_url":"https:\/\/romslo-entertainment.com\/personvern\/","og_site_name":"Romslo Entertainment","article_publisher":"https:\/\/www.facebook.com\/romslo.entertainment","article_modified_time":"2025-09-10T08:06:23+00:00","og_image":[{"width":2560,"height":1707,"url":"https:\/\/romslo-entertainment.com\/wp-content\/uploads\/2025\/02\/DSC7329-scaled.webp","type":"image\/webp"}],"twitter_card":"summary_large_image","twitter_misc":{"Ansl. lesetid":"12 minutter"},"schema":{"@context":"https:\/\/schema.org","@graph":[{"@type":"WebPage","@id":"https:\/\/romslo-entertainment.com\/personvern\/","url":"https:\/\/romslo-entertainment.com\/personvern\/","name":"Personvern | Romslo Entertainment","isPartOf":{"@id":"https:\/\/romslo-entertainment.com\/#website"},"datePublished":"2025-09-10T06:48:53+00:00","dateModified":"2025-09-10T08:06:23+00:00","description":"Personvernerkl\u00e6ringen informerer om hvordan Romslo Entertainment AS samler inn og bruker data og personopplysninger.","breadcrumb":{"@id":"https:\/\/romslo-entertainment.com\/personvern\/#breadcrumb"},"inLanguage":"nb-NO","potentialAction":[{"@type":"ReadAction","target":["https:\/\/romslo-entertainment.com\/personvern\/"]}]},{"@type":"BreadcrumbList","@id":"https:\/\/romslo-entertainment.com\/personvern\/#breadcrumb","itemListElement":[{"@type":"ListItem","position":1,"name":"Home","item":"https:\/\/romslo-entertainment.com\/"},{"@type":"ListItem","position":2,"name":"Personvern"}]},{"@type":"WebSite","@id":"https:\/\/romslo-entertainment.com\/#website","url":"https:\/\/romslo-entertainment.com\/","name":"Romslo Entertainment","description":"Leverer ekstraordin\u00e6r underholdning","publisher":{"@id":"https:\/\/romslo-entertainment.com\/#organization"},"potentialAction":[{"@type":"SearchAction","target":{"@type":"EntryPoint","urlTemplate":"https:\/\/romslo-entertainment.com\/?s={search_term_string}"},"query-input":{"@type":"PropertyValueSpecification","valueRequired":true,"valueName":"search_term_string"}}],"inLanguage":"nb-NO"},{"@type":"Organization","@id":"https:\/\/romslo-entertainment.com\/#organization","name":"Romslo Entertainment AS","url":"https:\/\/romslo-entertainment.com\/","logo":{"@type":"ImageObject","inLanguage":"nb-NO","@id":"https:\/\/romslo-entertainment.com\/#\/schema\/logo\/image\/","url":"https:\/\/romslo-entertainment.com\/wp-content\/uploads\/2025\/02\/favicon.jpg","contentUrl":"https:\/\/romslo-entertainment.com\/wp-content\/uploads\/2025\/02\/favicon.jpg","width":512,"height":512,"caption":"Romslo Entertainment AS"},"image":{"@id":"https:\/\/romslo-entertainment.com\/#\/schema\/logo\/image\/"},"sameAs":["https:\/\/www.facebook.com\/romslo.entertainment","https:\/\/www.instagram.com\/romslo.entertainment"]}]}},"_links":{"self":[{"href":"https:\/\/romslo-entertainment.com\/no\/wp-json\/wp\/v2\/pages\/8792","targetHints":{"allow":["GET"]}}],"collection":[{"href":"https:\/\/romslo-entertainment.com\/no\/wp-json\/wp\/v2\/pages"}],"about":[{"href":"https:\/\/romslo-entertainment.com\/no\/wp-json\/wp\/v2\/types\/page"}],"author":[{"embeddable":true,"href":"https:\/\/romslo-entertainment.com\/no\/wp-json\/wp\/v2\/users\/9"}],"replies":[{"embeddable":true,"href":"https:\/\/romslo-entertainment.com\/no\/wp-json\/wp\/v2\/comments?post=8792"}],"version-history":[{"count":31,"href":"https:\/\/romslo-entertainment.com\/no\/wp-json\/wp\/v2\/pages\/8792\/revisions"}],"predecessor-version":[{"id":8893,"href":"https:\/\/romslo-entertainment.com\/no\/wp-json\/wp\/v2\/pages\/8792\/revisions\/8893"}],"wp:attachment":[{"href":"https:\/\/romslo-entertainment.com\/no\/wp-json\/wp\/v2\/media?parent=8792"}],"curies":[{"name":"wp","href":"https:\/\/api.w.org\/{rel}","templated":true}]}}